{"id":694,"date":"2023-05-24T13:05:00","date_gmt":"2023-05-24T13:05:00","guid":{"rendered":"https:\/\/opteamshop.ro\/?page_id=694"},"modified":"2023-05-24T13:05:12","modified_gmt":"2023-05-24T13:05:12","slug":"politica-gdpr","status":"publish","type":"page","link":"https:\/\/opteamshop.ro\/en\/politica-gdpr\/","title":{"rendered":"Politica GDPR"},"content":{"rendered":"<div class=\"moz-text-html\" lang=\"x-unicode\">\n<div dir=\"auto\">Politica GDPR pentru website-ul <a href=\"https:\/\/opteamshop.ro\/en\/\">www.opteamshop.ro<\/a> al firmei Opteam SRL:<\/p>\n<div dir=\"auto\"><\/div>\n<div dir=\"auto\">1. Colectarea datelor personale:<\/div>\n<div dir=\"auto\">&#8211; Vom colecta doar informa\u021biile personale necesare \u0219i relevante \u00een scopul furniz\u0103rii de servicii \u0219i produse solicitate de utilizatori.<\/div>\n<div dir=\"auto\">&#8211; Informa\u021biile personale pot include nume, adres\u0103 de e-mail, adres\u0103 de livrare, num\u0103r de telefon etc.<\/div>\n<div dir=\"auto\">&#8211; Colectarea datelor se va realiza numai cu consim\u021b\u0103m\u00e2ntul explicit al utilizatorului.<\/div>\n<div dir=\"auto\"><\/div>\n<div dir=\"auto\">2. Scopul colect\u0103rii datelor:<\/div>\n<div dir=\"auto\">&#8211; Datele personale vor fi colectate \u00een principal \u00een scopul proces\u0103rii comenzilor, furniz\u0103rii serviciilor \u0219i comunic\u0103rii cu utilizatorii.<\/div>\n<div dir=\"auto\">&#8211; Datele pot fi utilizate \u0219i \u00een scopuri de marketing direct, cu consim\u021b\u0103m\u00e2ntul utilizatorilor.<\/div>\n<div dir=\"auto\"><\/div>\n<div dir=\"auto\">3. Protec\u021bia datelor personale:<\/div>\n<div dir=\"auto\">&#8211; Ne angaj\u0103m s\u0103 protej\u0103m datele personale ale utilizatorilor \u0219i s\u0103 implement\u0103m m\u0103suri tehnice \u0219i organizatorice adecvate pentru a preveni accesul neautorizat, utilizarea incorect\u0103, divulgarea sau distrugerea datelor personale.<\/div>\n<div dir=\"auto\"><\/div>\n<div dir=\"auto\">4. P\u0103strarea datelor personale:<\/div>\n<div dir=\"auto\">&#8211; Vom p\u0103stra datele personale ale utilizatorilor doar pe perioada necesar\u0103 \u00eendeplinirii scopurilor pentru care au fost colectate.<\/div>\n<div dir=\"auto\">&#8211; \u00cen cazul \u00een care utilizatorul solicit\u0103 \u0219tergerea datelor sale personale, vom ac\u021biona \u00een conformitate cu prevederile GDPR \u0219i vom \u0219terge sau anonimiza datele \u00eentr-un interval rezonabil de timp.<\/div>\n<div dir=\"auto\"><\/div>\n<div dir=\"auto\">5. Accesul \u0219i divulgarea datelor personale:<\/div>\n<div dir=\"auto\">&#8211; Accesul la datele personale va fi restric\u021bionat la personalul autorizat, care necesit\u0103 aceste informa\u021bii \u00een scopul furniz\u0103rii de servicii \u0219i produse.<\/div>\n<div dir=\"auto\">&#8211; Nu vom divulga sau transfera datele personale c\u0103tre ter\u021be p\u0103r\u021bi f\u0103r\u0103 consim\u021b\u0103m\u00e2ntul utilizatorilor, cu excep\u021bia cazurilor \u00een care legea o impune sau este necesar pentru \u00eendeplinirea scopurilor pentru care datele au fost colectate.<\/div>\n<div dir=\"auto\"><\/div>\n<div dir=\"auto\">6. Drepturile utilizatorilor:<\/div>\n<div dir=\"auto\">&#8211; Utilizatorii au dreptul de a solicita accesul, rectificarea, \u0219tergerea sau restric\u021bionarea prelucr\u0103rii datelor personale.<\/div>\n<div dir=\"auto\">&#8211; Utilizatorii au dreptul de a se opune prelucr\u0103rii datelor lor personale \u00een scopuri de marketing direct.<\/div>\n<div dir=\"auto\">&#8211; Pentru a exercita aceste drepturi, utilizatorii pot contacta Opteam SRL folosind informa\u021biile de contact furnizate pe website.<\/div>\n<div dir=\"auto\"><\/div>\n<div dir=\"auto\">7. Politica cookie:<\/div>\n<div dir=\"auto\">&#8211; Website-ul nostru utilizeaz\u0103 module cookie pentru a \u00eembun\u0103t\u0103\u021bi experien\u021ba utilizatorilor \u0219i pentru a colecta informa\u021bii despre utilizare.<\/div>\n<div dir=\"auto\">&#8211; Prin utilizarea website-ului, utilizatorii \u00ee\u0219i exprim\u0103 consim\u021b\u0103m\u00e2ntul privind utilizarea modulelor cookie conform politicii noastre.<\/div>\n<div dir=\"auto\"><\/div>\n<div dir=\"auto\">Aceasta este o descriere general\u0103 a politicii GDPR pentru website-ul <a href=\"https:\/\/opteamshop.ro\/en\/\">www.opteamshop.ro<\/a> al firmei Opteam SRL. Este important<\/p>\n<div dir=\"auto\" data-smartmail=\"gmail_signature\">Opteam SRL &#8211; Distribuitor oficial Kihon Sport \u00een Rom\u00e2nia<\/div>\n<\/div>\n<\/div>\n<\/div>","protected":false},"excerpt":{"rendered":"<p>Politica GDPR pentru website-ul www.opteamshop.ro al firmei Opteam SRL: 1. Colectarea datelor personale: &#8211; Vom colecta doar informa\u021biile personale necesare \u0219i relevante \u00een scopul furniz\u0103rii de servicii \u0219i produse solicitate de utilizatori. &#8211; Informa\u021biile personale pot include nume, adres\u0103 de e-mail, adres\u0103 de livrare, num\u0103r de telefon etc. &#8211; Colectarea datelor se va realiza numai&#8230;<\/p>","protected":false},"author":1,"featured_media":0,"parent":0,"menu_order":0,"comment_status":"closed","ping_status":"closed","template":"","meta":{"_themeisle_gutenberg_block_has_review":false,"footnotes":""},"class_list":["post-694","page","type-page","status-publish","hentry"],"_links":{"self":[{"href":"https:\/\/opteamshop.ro\/en\/wp-json\/wp\/v2\/pages\/694","targetHints":{"allow":["GET"]}}],"collection":[{"href":"https:\/\/opteamshop.ro\/en\/wp-json\/wp\/v2\/pages"}],"about":[{"href":"https:\/\/opteamshop.ro\/en\/wp-json\/wp\/v2\/types\/page"}],"author":[{"embeddable":true,"href":"https:\/\/opteamshop.ro\/en\/wp-json\/wp\/v2\/users\/1"}],"replies":[{"embeddable":true,"href":"https:\/\/opteamshop.ro\/en\/wp-json\/wp\/v2\/comments?post=694"}],"version-history":[{"count":1,"href":"https:\/\/opteamshop.ro\/en\/wp-json\/wp\/v2\/pages\/694\/revisions"}],"predecessor-version":[{"id":695,"href":"https:\/\/opteamshop.ro\/en\/wp-json\/wp\/v2\/pages\/694\/revisions\/695"}],"wp:attachment":[{"href":"https:\/\/opteamshop.ro\/en\/wp-json\/wp\/v2\/media?parent=694"}],"curies":[{"name":"wp","href":"https:\/\/api.w.org\/{rel}","templated":true}]}}