{"id":1370,"date":"2023-08-06T22:16:21","date_gmt":"2023-08-06T19:16:21","guid":{"rendered":"https:\/\/opteamshop.ro\/?post_type=product&#038;p=1370"},"modified":"2025-04-25T13:00:24","modified_gmt":"2025-04-25T10:00:24","slug":"bidon-mare-alb-karate-fuji","status":"publish","type":"product","link":"https:\/\/opteamshop.ro\/en\/product\/bidon-mare-alb-karate-fuji\/","title":{"rendered":"Bidon Mare Alb Karate Fuji"},"content":{"rendered":"<div class=\"rte\">\n<p>Bidonul de aluminiu personalizat prin sublimare cu un model de karate este un accesoriu versatil \u0219i atr\u0103g\u0103tor, perfect pentru pasiona\u021bii de arte mar\u021biale \u0219i karate. Fabricat din aluminiu de \u00eenalt\u0103 calitate, bidonul este u\u0219or \u0219i rezistent, fiind ideal pentru a v\u0103 \u021bine hidrata\u021bi \u00een timpul antrenamentelor intense sau \u00een activit\u0103\u021bile zilnice.<\/p>\n<p>Designul s\u0103u unic de karate este ob\u021binut prin tehnica de sublimare, ceea ce garanteaz\u0103 o imagine clar\u0103, vibrant\u0103 \u0219i rezistent\u0103 la uzur\u0103. Modelul de karate imprimat pe bidon inspir\u0103 determinare \u0219i putere, servind ca o surs\u0103 constant\u0103 de motiva\u021bie pentru a v\u0103 atinge obiectivele \u00een cadrul artei mar\u021biale.<\/p>\n<p>Bidonul este prev\u0103zut cu un capac etan\u0219, asigur\u00e2nd astfel c\u0103 b\u0103utura dumneavoastr\u0103 preferat\u0103 r\u0103m\u00e2ne proasp\u0103t\u0103 \u0219i bine sigilat\u0103. Capacitatea sa generoas\u0103 (750ml) permite transportul unei cantit\u0103\u021bi suficiente de lichid pentru a v\u0103 men\u021bine hidrata\u021bi pe durata antrenamentelor sau c\u0103l\u0103toriilor.<\/p>\n<p>Cu un design personalizat de karate, acest bidon de aluminiu devine nu doar un accesoriu util, ci \u0219i o modalitate de a-\u021bi exprima pasiunea pentru arta mar\u021bial\u0103 \u0219i pentru a-\u021bi sublinia stilul propriu. Indiferent dac\u0103 \u00eel utiliza\u021bi \u00een sala de antrenament, la \u0219coal\u0103 sau \u00een timpul activit\u0103\u021bilor de zi cu zi, acest bidon de aluminiu va atrage cu siguran\u021b\u0103 privirile \u0219i va fi un companion de \u00eencredere \u00een c\u0103l\u0103toria dumneavoastr\u0103 de explorare \u0219i perfec\u021bionare a karate-ului.<\/p>\n<\/div>","protected":false},"excerpt":{"rendered":"<table width=\"414\">\n<tbody>\n<tr>\n<td><img loading=\"lazy\" decoding=\"async\" class=\"alignnone wp-image-340\" src=\"https:\/\/opteamshop.ro\/wp-content\/uploads\/2023\/03\/shipping-icon-18.png\" alt=\"\" width=\"38\" height=\"38\" srcset=\"https:\/\/opteamshop.ro\/wp-content\/uploads\/2023\/03\/shipping-icon-18.png 200w, https:\/\/opteamshop.ro\/wp-content\/uploads\/2023\/03\/shipping-icon-18-150x150.png 150w, https:\/\/opteamshop.ro\/wp-content\/uploads\/2023\/03\/shipping-icon-18-12x12.png 12w, https:\/\/opteamshop.ro\/wp-content\/uploads\/2023\/03\/shipping-icon-18-20x20.png 20w\" sizes=\"auto, (max-width: 38px) 100vw, 38px\" \/><\/td>\n<td><strong>Transport\u00a0<\/strong><br \/>\nLivram in Romania prin curier rapid!<\/td>\n<\/tr>\n<tr>\n<td><img loading=\"lazy\" decoding=\"async\" class=\"alignnone wp-image-342\" src=\"https:\/\/opteamshop.ro\/wp-content\/uploads\/2023\/03\/img_281585-300x288.png\" alt=\"\" width=\"33\" height=\"32\" srcset=\"https:\/\/opteamshop.ro\/wp-content\/uploads\/2023\/03\/img_281585-300x288.png 300w, https:\/\/opteamshop.ro\/wp-content\/uploads\/2023\/03\/img_281585-500x480.png 500w, https:\/\/opteamshop.ro\/wp-content\/uploads\/2023\/03\/img_281585-150x150.png 150w, https:\/\/opteamshop.ro\/wp-content\/uploads\/2023\/03\/img_281585-13x12.png 13w, https:\/\/opteamshop.ro\/wp-content\/uploads\/2023\/03\/img_281585-20x20.png 20w, https:\/\/opteamshop.ro\/wp-content\/uploads\/2023\/03\/img_281585-417x400.png 417w, https:\/\/opteamshop.ro\/wp-content\/uploads\/2023\/03\/img_281585.png 980w\" sizes=\"auto, (max-width: 33px) 100vw, 33px\" \/><\/td>\n<td>\u00a0<strong>Cum poti plati?<\/strong><br \/>\npoti selecta metoda ramburs, transfer bancar, plata cu cardul<\/td>\n<\/tr>\n<tr>\n<td><img loading=\"lazy\" decoding=\"async\" class=\"alignnone wp-image-343\" src=\"https:\/\/opteamshop.ro\/wp-content\/uploads\/2023\/03\/male-services-support-icon-300x300.webp\" alt=\"\" width=\"33\" height=\"33\" srcset=\"https:\/\/opteamshop.ro\/wp-content\/uploads\/2023\/03\/male-services-support-icon-300x300.webp 300w, https:\/\/opteamshop.ro\/wp-content\/uploads\/2023\/03\/male-services-support-icon-500x502.webp 500w, https:\/\/opteamshop.ro\/wp-content\/uploads\/2023\/03\/male-services-support-icon-150x150.webp 150w, https:\/\/opteamshop.ro\/wp-content\/uploads\/2023\/03\/male-services-support-icon-12x12.webp 12w, https:\/\/opteamshop.ro\/wp-content\/uploads\/2023\/03\/male-services-support-icon-20x20.webp 20w, https:\/\/opteamshop.ro\/wp-content\/uploads\/2023\/03\/male-services-support-icon.webp 510w\" sizes=\"auto, (max-width: 33px) 100vw, 33px\" \/><\/td>\n<td><strong>Ai intrebari? Orar : 09:00 \u2013 16:00<br \/>\n<\/strong>contacteaza-ne telefonic : +40745 268 090 \/ +40 765 685 315<\/td>\n<\/tr>\n<\/tbody>\n<\/table>\n<p>&nbsp;<\/p>","protected":false},"featured_media":1371,"comment_status":"open","ping_status":"closed","template":"","meta":{"_themeisle_gutenberg_block_has_review":false},"product_brand":[],"product_cat":[41],"product_tag":[],"class_list":{"0":"post-1370","1":"product","2":"type-product","3":"status-publish","4":"has-post-thumbnail","6":"product_cat-bidoane","8":"first","9":"outofstock","10":"shipping-taxable","11":"purchasable","12":"product-type-simple"},"_links":{"self":[{"href":"https:\/\/opteamshop.ro\/en\/wp-json\/wp\/v2\/product\/1370","targetHints":{"allow":["GET"]}}],"collection":[{"href":"https:\/\/opteamshop.ro\/en\/wp-json\/wp\/v2\/product"}],"about":[{"href":"https:\/\/opteamshop.ro\/en\/wp-json\/wp\/v2\/types\/product"}],"replies":[{"embeddable":true,"href":"https:\/\/opteamshop.ro\/en\/wp-json\/wp\/v2\/comments?post=1370"}],"wp:featuredmedia":[{"embeddable":true,"href":"https:\/\/opteamshop.ro\/en\/wp-json\/wp\/v2\/media\/1371"}],"wp:attachment":[{"href":"https:\/\/opteamshop.ro\/en\/wp-json\/wp\/v2\/media?parent=1370"}],"wp:term":[{"taxonomy":"product_brand","embeddable":true,"href":"https:\/\/opteamshop.ro\/en\/wp-json\/wp\/v2\/product_brand?post=1370"},{"taxonomy":"product_cat","embeddable":true,"href":"https:\/\/opteamshop.ro\/en\/wp-json\/wp\/v2\/product_cat?post=1370"},{"taxonomy":"product_tag","embeddable":true,"href":"https:\/\/opteamshop.ro\/en\/wp-json\/wp\/v2\/product_tag?post=1370"}],"curies":[{"name":"wp","href":"https:\/\/api.w.org\/{rel}","templated":true}]}}