{"id":1526,"date":"2025-02-04T16:49:10","date_gmt":"2025-02-04T13:49:10","guid":{"rendered":"https:\/\/opteamshop.ro\/?post_type=product&#038;p=1526"},"modified":"2026-04-29T23:41:45","modified_gmt":"2026-04-29T20:41:45","slug":"bestsport-tibiere-si-botosei-wkf","status":"publish","type":"product","link":"https:\/\/opteamshop.ro\/en\/product\/bestsport-tibiere-si-botosei-wkf\/","title":{"rendered":"BestSport Tibiere \u0219i Boto\u0219ei WKF"},"content":{"rendered":"<p><span>Tibierele \u0219i boto\u0219eii Best Sport pentru Karate sunt fabricate din materiale de cea mai \u00eenalt\u0103 calitate \u0219i sunt aprobate de Federa\u021bia Mondial\u0103 de Karate (WKF). Folosind material PU+ \u0219i spum\u0103 EVA, aceste ap\u0103r\u0103toare pentru picioare sunt realizate din <\/span><span class=\"OYPEnA font-feature-liga-off font-feature-clig-off font-feature-calt-off text-decoration-none text-strikethrough-none\"><span>spum\u0103 turnat\u0103 u\u0219oar\u0103, acoperit\u0103 cu piele poliuretanic\u0103. Ap\u0103r\u0103toarea pentru tibie folose\u0219te c\u0103ptu\u0219eal\u0103 mai dens\u0103, iar ap\u0103r\u0103toarea pentru picioare folose\u0219te c\u0103ptu\u0219eal\u0103 mai moale pentru a amortiza impactul \u0219i pentru a face piciorul s\u0103 se mi\u0219te mai liber \u0219i, de asemenea, pentru a permite un contact sigur.<\/span><\/span><span> Acestea \u00eendeplinesc cele mai \u00eenalte standarde de calitate \u0219i siguran\u021b\u0103, a\u0219a cum este confirmat de WKF.<\/span><\/p>\n<h3><span>Cum s\u0103 ai grij\u0103 de tibierele de karate?<\/span><\/h3>\n<p><span>Pentru a v\u0103 asigura c\u0103 protec\u021biile pentru picioare rezist\u0103 c\u00e2t mai mult posibil \u0219i \u00ee\u0219i p\u0103streaz\u0103 propriet\u0103\u021bile de protec\u021bie, este important s\u0103 v\u0103 asigura\u021bi c\u0103 sunt \u00eentre\u021binute corespunz\u0103tor. Iat\u0103 c\u00e2teva sfaturi despre cum s\u0103 le \u00eengriji\u021bi:<\/span><\/p>\n<p><span>\u2013\u00a0\u00a0<\/span><strong><span>Cur\u0103\u021bare regulat\u0103<\/span><\/strong><span>: Dup\u0103 fiecare sesiune de antrenament, este o idee bun\u0103 s\u0103 cur\u0103\u021ba\u021bi protec\u021biile cu o c\u00e2rp\u0103 umed\u0103 pentru a \u00eendep\u0103rta transpira\u021bia \u0219i murd\u0103ria.<\/span><\/p>\n<p><span>\u2013\u00a0\u00a0<\/span><strong><span>Uscarea<\/span><\/strong><span>: Evita\u021bi contactul direct cu sursele de c\u0103ldur\u0103. Cel mai bine este s\u0103 le usca\u021bi la temperatura camerei.<\/span><\/p>\n<p><span>\u2013\u00a0\u00a0<\/span><strong><span>Depozitare<\/span><\/strong><span>: Tibiele trebuie depozitate \u00eentr-un loc r\u0103coros, uscat, ferit de lumina soarelui.<\/span><\/p>","protected":false},"excerpt":{"rendered":"<table width=\"414\">\n<tbody>\n<tr>\n<td><img loading=\"lazy\" decoding=\"async\" class=\"alignnone wp-image-340\" src=\"https:\/\/opteamshop.ro\/wp-content\/uploads\/2023\/03\/shipping-icon-18.png\" alt=\"\" width=\"38\" height=\"38\" srcset=\"https:\/\/opteamshop.ro\/wp-content\/uploads\/2023\/03\/shipping-icon-18.png 200w, https:\/\/opteamshop.ro\/wp-content\/uploads\/2023\/03\/shipping-icon-18-150x150.png 150w, https:\/\/opteamshop.ro\/wp-content\/uploads\/2023\/03\/shipping-icon-18-12x12.png 12w, https:\/\/opteamshop.ro\/wp-content\/uploads\/2023\/03\/shipping-icon-18-20x20.png 20w\" sizes=\"auto, (max-width: 38px) 100vw, 38px\" \/><\/td>\n<td><strong>Transport\u00a0<\/strong><br \/>\nLivram in Romania prin curier rapid!<\/td>\n<\/tr>\n<tr>\n<td><img loading=\"lazy\" decoding=\"async\" class=\"alignnone wp-image-342\" src=\"https:\/\/opteamshop.ro\/wp-content\/uploads\/2023\/03\/img_281585-300x288.png\" alt=\"\" width=\"33\" height=\"32\" srcset=\"https:\/\/opteamshop.ro\/wp-content\/uploads\/2023\/03\/img_281585-300x288.png 300w, https:\/\/opteamshop.ro\/wp-content\/uploads\/2023\/03\/img_281585-500x480.png 500w, https:\/\/opteamshop.ro\/wp-content\/uploads\/2023\/03\/img_281585-150x150.png 150w, https:\/\/opteamshop.ro\/wp-content\/uploads\/2023\/03\/img_281585-13x12.png 13w, https:\/\/opteamshop.ro\/wp-content\/uploads\/2023\/03\/img_281585-20x20.png 20w, https:\/\/opteamshop.ro\/wp-content\/uploads\/2023\/03\/img_281585-417x400.png 417w, https:\/\/opteamshop.ro\/wp-content\/uploads\/2023\/03\/img_281585.png 980w\" sizes=\"auto, (max-width: 33px) 100vw, 33px\" \/><\/td>\n<td>\u00a0<strong>Cum poti plati?<\/strong><br \/>\npoti selecta metoda ramburs, transfer bancar, plata cu cardul<\/td>\n<\/tr>\n<tr>\n<td><img loading=\"lazy\" decoding=\"async\" class=\"alignnone wp-image-343\" src=\"https:\/\/opteamshop.ro\/wp-content\/uploads\/2023\/03\/male-services-support-icon-300x300.webp\" alt=\"\" width=\"33\" height=\"33\" srcset=\"https:\/\/opteamshop.ro\/wp-content\/uploads\/2023\/03\/male-services-support-icon-300x300.webp 300w, https:\/\/opteamshop.ro\/wp-content\/uploads\/2023\/03\/male-services-support-icon-500x502.webp 500w, https:\/\/opteamshop.ro\/wp-content\/uploads\/2023\/03\/male-services-support-icon-150x150.webp 150w, https:\/\/opteamshop.ro\/wp-content\/uploads\/2023\/03\/male-services-support-icon-12x12.webp 12w, https:\/\/opteamshop.ro\/wp-content\/uploads\/2023\/03\/male-services-support-icon-20x20.webp 20w, https:\/\/opteamshop.ro\/wp-content\/uploads\/2023\/03\/male-services-support-icon.webp 510w\" sizes=\"auto, (max-width: 33px) 100vw, 33px\" \/><\/td>\n<td><strong>Ai intrebari? Orar : 09:00 \u2013 16:00<br \/>\n<\/strong>contacteaza-ne telefonic : +40745 268 090 \/ +40 765 685 315<\/td>\n<\/tr>\n<\/tbody>\n<\/table>\n<p>&nbsp;<\/p>","protected":false},"featured_media":1535,"comment_status":"open","ping_status":"closed","template":"","meta":{"_themeisle_gutenberg_block_has_review":false},"product_brand":[49],"product_cat":[37],"product_tag":[],"class_list":{"0":"post-1526","1":"product","2":"type-product","3":"status-publish","4":"has-post-thumbnail","6":"product_brand-bestsport","7":"product_cat-protectii","9":"first","10":"instock","11":"shipping-taxable","12":"purchasable","13":"product-type-variable"},"_links":{"self":[{"href":"https:\/\/opteamshop.ro\/en\/wp-json\/wp\/v2\/product\/1526","targetHints":{"allow":["GET"]}}],"collection":[{"href":"https:\/\/opteamshop.ro\/en\/wp-json\/wp\/v2\/product"}],"about":[{"href":"https:\/\/opteamshop.ro\/en\/wp-json\/wp\/v2\/types\/product"}],"replies":[{"embeddable":true,"href":"https:\/\/opteamshop.ro\/en\/wp-json\/wp\/v2\/comments?post=1526"}],"wp:featuredmedia":[{"embeddable":true,"href":"https:\/\/opteamshop.ro\/en\/wp-json\/wp\/v2\/media\/1535"}],"wp:attachment":[{"href":"https:\/\/opteamshop.ro\/en\/wp-json\/wp\/v2\/media?parent=1526"}],"wp:term":[{"taxonomy":"product_brand","embeddable":true,"href":"https:\/\/opteamshop.ro\/en\/wp-json\/wp\/v2\/product_brand?post=1526"},{"taxonomy":"product_cat","embeddable":true,"href":"https:\/\/opteamshop.ro\/en\/wp-json\/wp\/v2\/product_cat?post=1526"},{"taxonomy":"product_tag","embeddable":true,"href":"https:\/\/opteamshop.ro\/en\/wp-json\/wp\/v2\/product_tag?post=1526"}],"curies":[{"name":"wp","href":"https:\/\/api.w.org\/{rel}","templated":true}]}}