{"id":1543,"date":"2025-02-04T17:07:58","date_gmt":"2025-02-04T14:07:58","guid":{"rendered":"https:\/\/opteamshop.ro\/?post_type=product&#038;p=1543"},"modified":"2026-04-26T17:18:08","modified_gmt":"2026-04-26T14:18:08","slug":"bestsport-manusi-wkf","status":"publish","type":"product","link":"https:\/\/opteamshop.ro\/en\/product\/bestsport-manusi-wkf\/","title":{"rendered":"BestSport M\u0103nu\u0219i WKF"},"content":{"rendered":"<p><span>M\u0103nu\u0219ile Best Sport Karate au prindere cu dublu velcro \u0219i sunt fabricate din materiale de cea mai \u00eenalt\u0103 calitate \u0219i sunt aprobate de Federa\u021bia Mondial\u0103 de Karate (WKF). Datorit\u0103 utiliz\u0103rii materialului PU+ \u0219i a spumei EVA, aceste m\u0103nu\u0219i ofer\u0103 o protec\u021bie excelent\u0103 \u0219i confort la purtare. Acestea \u00eendeplinesc cele mai \u00eenalte standarde de calitate \u0219i siguran\u021b\u0103, a\u0219a cum este confirmat de WKF.<\/span><\/p>\n<h3><span>Cum s\u0103 ai grij\u0103 de m\u0103nu\u0219ile de karate?<\/span><\/h3>\n<p><span>Pentru ca m\u0103nu\u0219ile de karate s\u0103 reziste c\u00e2t mai mult posibil \u0219i s\u0103 \u00ee\u0219i p\u0103streze propriet\u0103\u021bile de protec\u021bie, este important s\u0103 v\u0103 asigura\u021bi c\u0103 sunt \u00eentre\u021binute corespunz\u0103tor. Iat\u0103 c\u00e2teva sfaturi despre cum s\u0103 le \u00eengriji\u021bi:<\/span><\/p>\n<p><span>\u2013\u00a0\u00a0<\/span><strong><span>Cur\u0103\u021bare regulat\u0103<\/span><\/strong><span>: Dup\u0103 fiecare sesiune de antrenament, este o idee bun\u0103 s\u0103 cur\u0103\u021ba\u021bi m\u0103nu\u0219ile cu o c\u00e2rp\u0103 umed\u0103 pentru a \u00eendep\u0103rta transpira\u021bia \u0219i murd\u0103ria.<\/span><\/p>\n<p><span>\u2013\u00a0\u00a0<\/span><strong><span>Uscarea<\/span><\/strong><span>: Evita\u021bi contactul direct cu sursele de c\u0103ldur\u0103. Cel mai bine este s\u0103 usca\u021bi m\u0103nu\u0219ile la temperatura camerei.<\/span><\/p>\n<p><span>\u2013\u00a0\u00a0<\/span><strong><span>Depozitare<\/span><\/strong><span>: M\u0103nu\u0219ile trebuie depozitate \u00eentr-un loc r\u0103coros, uscat, ferit de lumina soarelui.<\/span><\/p>","protected":false},"excerpt":{"rendered":"<p><span>C\u00e2nd te antrenezi \u0219i concurezi \u00een karate, siguran\u021ba este cheia. Echipamentul adecvat este o investi\u021bie \u00een protec\u021bie, confort \u0219i eficacitatea antrenamentului. M\u0103nu\u0219ile de karate sunt un articol esen\u021bial care garanteaz\u0103 siguran\u021b\u0103. Prinderea cu dublu velcro reprezint\u0103 o garan\u021bie suplimentar\u0103 a eficien\u021bei \u0219i stabilit\u0103\u021bii<\/span><\/p>\n<p><span>Sunt disponibile in albastru \u0219i ro\u0219u, \u0219i in diverse m\u0103rimi: XS, S, M, L, XL. Aceasta \u00eenseamn\u0103 c\u0103 fiecare karateka \u00ee\u0219i poate g\u0103si modelul potrivit.<\/span><\/p>\n<table width=\"414\">\n<tbody>\n<tr>\n<td><img loading=\"lazy\" decoding=\"async\" class=\"alignnone wp-image-340\" src=\"https:\/\/opteamshop.ro\/wp-content\/uploads\/2023\/03\/shipping-icon-18.png\" alt=\"\" width=\"38\" height=\"38\" srcset=\"https:\/\/opteamshop.ro\/wp-content\/uploads\/2023\/03\/shipping-icon-18.png 200w, https:\/\/opteamshop.ro\/wp-content\/uploads\/2023\/03\/shipping-icon-18-150x150.png 150w, https:\/\/opteamshop.ro\/wp-content\/uploads\/2023\/03\/shipping-icon-18-12x12.png 12w, https:\/\/opteamshop.ro\/wp-content\/uploads\/2023\/03\/shipping-icon-18-20x20.png 20w\" sizes=\"auto, (max-width: 38px) 100vw, 38px\" \/><\/td>\n<td><strong>Transport\u00a0<\/strong><br \/>\nLivram in Romania prin curier rapid!<\/td>\n<\/tr>\n<tr>\n<td><img loading=\"lazy\" decoding=\"async\" class=\"alignnone wp-image-342\" src=\"https:\/\/opteamshop.ro\/wp-content\/uploads\/2023\/03\/img_281585-300x288.png\" alt=\"\" width=\"33\" height=\"32\" srcset=\"https:\/\/opteamshop.ro\/wp-content\/uploads\/2023\/03\/img_281585-300x288.png 300w, https:\/\/opteamshop.ro\/wp-content\/uploads\/2023\/03\/img_281585-500x480.png 500w, https:\/\/opteamshop.ro\/wp-content\/uploads\/2023\/03\/img_281585-150x150.png 150w, https:\/\/opteamshop.ro\/wp-content\/uploads\/2023\/03\/img_281585-13x12.png 13w, https:\/\/opteamshop.ro\/wp-content\/uploads\/2023\/03\/img_281585-20x20.png 20w, https:\/\/opteamshop.ro\/wp-content\/uploads\/2023\/03\/img_281585-417x400.png 417w, https:\/\/opteamshop.ro\/wp-content\/uploads\/2023\/03\/img_281585.png 980w\" sizes=\"auto, (max-width: 33px) 100vw, 33px\" \/><\/td>\n<td>\u00a0<strong>Cum poti plati?<\/strong><br \/>\npoti selecta metoda ramburs, transfer bancar, plata cu cardul<\/td>\n<\/tr>\n<tr>\n<td><img loading=\"lazy\" decoding=\"async\" class=\"alignnone wp-image-343\" src=\"https:\/\/opteamshop.ro\/wp-content\/uploads\/2023\/03\/male-services-support-icon-300x300.webp\" alt=\"\" width=\"33\" height=\"33\" srcset=\"https:\/\/opteamshop.ro\/wp-content\/uploads\/2023\/03\/male-services-support-icon-300x300.webp 300w, https:\/\/opteamshop.ro\/wp-content\/uploads\/2023\/03\/male-services-support-icon-500x502.webp 500w, https:\/\/opteamshop.ro\/wp-content\/uploads\/2023\/03\/male-services-support-icon-150x150.webp 150w, https:\/\/opteamshop.ro\/wp-content\/uploads\/2023\/03\/male-services-support-icon-12x12.webp 12w, https:\/\/opteamshop.ro\/wp-content\/uploads\/2023\/03\/male-services-support-icon-20x20.webp 20w, https:\/\/opteamshop.ro\/wp-content\/uploads\/2023\/03\/male-services-support-icon.webp 510w\" sizes=\"auto, (max-width: 33px) 100vw, 33px\" \/><\/td>\n<td><strong>Ai intrebari? Orar : 09:00 \u2013 16:00<br \/>\n<\/strong>contacteaza-ne telefonic : +40745 268 090 \/ +40 765 685 315<\/td>\n<\/tr>\n<\/tbody>\n<\/table>\n<p>&nbsp;<\/p>","protected":false},"featured_media":1553,"comment_status":"open","ping_status":"closed","template":"","meta":{"_themeisle_gutenberg_block_has_review":false},"product_brand":[49],"product_cat":[37],"product_tag":[],"class_list":{"0":"post-1543","1":"product","2":"type-product","3":"status-publish","4":"has-post-thumbnail","6":"product_brand-bestsport","7":"product_cat-protectii","9":"first","10":"instock","11":"shipping-taxable","12":"purchasable","13":"product-type-variable"},"_links":{"self":[{"href":"https:\/\/opteamshop.ro\/en\/wp-json\/wp\/v2\/product\/1543","targetHints":{"allow":["GET"]}}],"collection":[{"href":"https:\/\/opteamshop.ro\/en\/wp-json\/wp\/v2\/product"}],"about":[{"href":"https:\/\/opteamshop.ro\/en\/wp-json\/wp\/v2\/types\/product"}],"replies":[{"embeddable":true,"href":"https:\/\/opteamshop.ro\/en\/wp-json\/wp\/v2\/comments?post=1543"}],"wp:featuredmedia":[{"embeddable":true,"href":"https:\/\/opteamshop.ro\/en\/wp-json\/wp\/v2\/media\/1553"}],"wp:attachment":[{"href":"https:\/\/opteamshop.ro\/en\/wp-json\/wp\/v2\/media?parent=1543"}],"wp:term":[{"taxonomy":"product_brand","embeddable":true,"href":"https:\/\/opteamshop.ro\/en\/wp-json\/wp\/v2\/product_brand?post=1543"},{"taxonomy":"product_cat","embeddable":true,"href":"https:\/\/opteamshop.ro\/en\/wp-json\/wp\/v2\/product_cat?post=1543"},{"taxonomy":"product_tag","embeddable":true,"href":"https:\/\/opteamshop.ro\/en\/wp-json\/wp\/v2\/product_tag?post=1543"}],"curies":[{"name":"wp","href":"https:\/\/api.w.org\/{rel}","templated":true}]}}