{"id":1571,"date":"2025-02-11T19:41:47","date_gmt":"2025-02-11T16:41:47","guid":{"rendered":"https:\/\/opteamshop.ro\/?post_type=product&#038;p=1571"},"modified":"2026-02-18T16:35:58","modified_gmt":"2026-02-18T13:35:58","slug":"bestsport-vesta-u14-wkf","status":"publish","type":"product","link":"https:\/\/opteamshop.ro\/en\/product\/bestsport-vesta-u14-wkf\/","title":{"rendered":"BestSport Vesta U14 WKF"},"content":{"rendered":"<h3>Protec\u021bie exterioar\u0103 pentru copii aprobat\u0103 WKF de la Best Sport. Fabricat\u0103 din material rezistent.<\/h3>\n<p>Siguran\u021ba \u0219i protec\u021bia corpului \u00een timpul antrenamentului \u0219i competi\u021biei de karate sunt cruciale pentru fiecare concurent, indiferent c\u00e2t este de avansat. De aceea \u00een\u021belegem c\u00e2t de important este s\u0103 avem echipamente care s\u0103 ofere nu doar cel mai \u00eenalt nivel de protec\u021bie, ci \u0219i confort de utilizare. Protec\u021bia nostr\u0103 de corp aprobat\u0103 de WKF (Federa\u021bia Mondial\u0103 de Karate) este un produs care \u00eendepline\u0219te aceste cerin\u021be, oferind \u00een acela\u0219i timp multe beneficii suplimentare.<\/p>\n<h3>De ce s\u0103 alege\u021bi o protec\u021bie de corp aprobat\u0103 de WKF?<\/h3>\n<p>Protec\u021bia pentru corp Best Sport este un produs de \u00eenalt\u0103 calitate care a fost aprobat de Federa\u021bia Mondial\u0103 de Karate (WKF). Datorit\u0103 acestui fapt, po\u021bi fi sigur c\u0103 \u00eendepline\u0219te cele mai \u00eenalte standarde de calitate \u0219i este omologat pentru competi\u021biile oficiale. Protec\u021bia nostr\u0103 corporal\u0103 se distinge prin forma sa unic\u0103 \u0219i prin ajustarea cu Velcro, permi\u021b\u00e2nd o potrivire mai bun\u0103 la silueta concurentului. Aceasta este solu\u021bia perfect\u0103 pentru orice karateka care caut\u0103 protec\u021bie \u0219i confort maxim.<\/p>\n<h3>Material rezistent \u0219i durabil<\/h3>\n<p>Vesta este realizat\u0103 dintr-un material durabil care asigura o durat\u0103 lung\u0103 de via\u021b\u0103 a produsului. C\u0103ptu\u0219eala din spum\u0103 EVA asigur\u0103 o absorb\u021bie eficient\u0103 a \u0219ocurilor, protej\u00e2nd pieptul \u0219i trunchiul de r\u0103niri. Materialul folosit pentru realizarea protec\u021biei nu este doar durabil, ci \u0219i u\u0219or, ceea ce m\u0103re\u0219te confortul \u0219i nu limiteaz\u0103 libertatea de mi\u0219care \u00een timpul antrenamentului \u0219i competi\u021biei.<\/p>","protected":false},"excerpt":{"rendered":"<p>Protec\u021bie de corp pentru copii, conceput\u0103 pentru a oferi protec\u021bie suplimentar\u0103 \u00een timp ce maximizeaz\u0103 mi\u0219carea sportivului. Confortabil\u0103, u\u0219or\u0103 \u0219i u\u0219or de \u00eembr\u0103cat.<\/p>\n<table width=\"414\">\n<tbody>\n<tr>\n<td><img loading=\"lazy\" decoding=\"async\" class=\"alignnone wp-image-340\" src=\"https:\/\/opteamshop.ro\/wp-content\/uploads\/2023\/03\/shipping-icon-18.png\" alt=\"\" width=\"38\" height=\"38\" srcset=\"https:\/\/opteamshop.ro\/wp-content\/uploads\/2023\/03\/shipping-icon-18.png 200w, https:\/\/opteamshop.ro\/wp-content\/uploads\/2023\/03\/shipping-icon-18-150x150.png 150w, https:\/\/opteamshop.ro\/wp-content\/uploads\/2023\/03\/shipping-icon-18-12x12.png 12w, https:\/\/opteamshop.ro\/wp-content\/uploads\/2023\/03\/shipping-icon-18-20x20.png 20w\" sizes=\"auto, (max-width: 38px) 100vw, 38px\" \/><\/td>\n<td><strong>Transport\u00a0<\/strong><br \/>\nLivram in Romania prin curier rapid!<\/td>\n<\/tr>\n<tr>\n<td><img loading=\"lazy\" decoding=\"async\" class=\"alignnone wp-image-342\" src=\"https:\/\/opteamshop.ro\/wp-content\/uploads\/2023\/03\/img_281585-300x288.png\" alt=\"\" width=\"33\" height=\"32\" srcset=\"https:\/\/opteamshop.ro\/wp-content\/uploads\/2023\/03\/img_281585-300x288.png 300w, https:\/\/opteamshop.ro\/wp-content\/uploads\/2023\/03\/img_281585-500x480.png 500w, https:\/\/opteamshop.ro\/wp-content\/uploads\/2023\/03\/img_281585-150x150.png 150w, https:\/\/opteamshop.ro\/wp-content\/uploads\/2023\/03\/img_281585-13x12.png 13w, https:\/\/opteamshop.ro\/wp-content\/uploads\/2023\/03\/img_281585-20x20.png 20w, https:\/\/opteamshop.ro\/wp-content\/uploads\/2023\/03\/img_281585-417x400.png 417w, https:\/\/opteamshop.ro\/wp-content\/uploads\/2023\/03\/img_281585.png 980w\" sizes=\"auto, (max-width: 33px) 100vw, 33px\" \/><\/td>\n<td>\u00a0<strong>Cum poti plati?<\/strong><br \/>\npoti selecta metoda ramburs, transfer bancar, plata cu cardul<\/td>\n<\/tr>\n<tr>\n<td><img loading=\"lazy\" decoding=\"async\" class=\"alignnone wp-image-343\" src=\"https:\/\/opteamshop.ro\/wp-content\/uploads\/2023\/03\/male-services-support-icon-300x300.webp\" alt=\"\" width=\"33\" height=\"33\" srcset=\"https:\/\/opteamshop.ro\/wp-content\/uploads\/2023\/03\/male-services-support-icon-300x300.webp 300w, https:\/\/opteamshop.ro\/wp-content\/uploads\/2023\/03\/male-services-support-icon-500x502.webp 500w, https:\/\/opteamshop.ro\/wp-content\/uploads\/2023\/03\/male-services-support-icon-150x150.webp 150w, https:\/\/opteamshop.ro\/wp-content\/uploads\/2023\/03\/male-services-support-icon-12x12.webp 12w, https:\/\/opteamshop.ro\/wp-content\/uploads\/2023\/03\/male-services-support-icon-20x20.webp 20w, https:\/\/opteamshop.ro\/wp-content\/uploads\/2023\/03\/male-services-support-icon.webp 510w\" sizes=\"auto, (max-width: 33px) 100vw, 33px\" \/><\/td>\n<td><strong>Ai intrebari? Orar : 09:00 \u2013 16:00<br \/>\n<\/strong>contacteaza-ne telefonic : +40745 268 090 \/ +40 765 685 315<\/td>\n<\/tr>\n<\/tbody>\n<\/table>\n<p>&nbsp;<\/p>","protected":false},"featured_media":1577,"comment_status":"open","ping_status":"closed","template":"","meta":{"_themeisle_gutenberg_block_has_review":false},"product_brand":[49],"product_cat":[37],"product_tag":[],"class_list":{"0":"post-1571","1":"product","2":"type-product","3":"status-publish","4":"has-post-thumbnail","6":"product_brand-bestsport","7":"product_cat-protectii","9":"first","10":"instock","11":"shipping-taxable","12":"purchasable","13":"product-type-variable"},"_links":{"self":[{"href":"https:\/\/opteamshop.ro\/en\/wp-json\/wp\/v2\/product\/1571","targetHints":{"allow":["GET"]}}],"collection":[{"href":"https:\/\/opteamshop.ro\/en\/wp-json\/wp\/v2\/product"}],"about":[{"href":"https:\/\/opteamshop.ro\/en\/wp-json\/wp\/v2\/types\/product"}],"replies":[{"embeddable":true,"href":"https:\/\/opteamshop.ro\/en\/wp-json\/wp\/v2\/comments?post=1571"}],"wp:featuredmedia":[{"embeddable":true,"href":"https:\/\/opteamshop.ro\/en\/wp-json\/wp\/v2\/media\/1577"}],"wp:attachment":[{"href":"https:\/\/opteamshop.ro\/en\/wp-json\/wp\/v2\/media?parent=1571"}],"wp:term":[{"taxonomy":"product_brand","embeddable":true,"href":"https:\/\/opteamshop.ro\/en\/wp-json\/wp\/v2\/product_brand?post=1571"},{"taxonomy":"product_cat","embeddable":true,"href":"https:\/\/opteamshop.ro\/en\/wp-json\/wp\/v2\/product_cat?post=1571"},{"taxonomy":"product_tag","embeddable":true,"href":"https:\/\/opteamshop.ro\/en\/wp-json\/wp\/v2\/product_tag?post=1571"}],"curies":[{"name":"wp","href":"https:\/\/api.w.org\/{rel}","templated":true}]}}