{"id":1615,"date":"2025-03-06T08:55:55","date_gmt":"2025-03-06T05:55:55","guid":{"rendered":"https:\/\/opteamshop.ro\/?post_type=product&#038;p=1615"},"modified":"2026-02-18T16:35:57","modified_gmt":"2026-02-18T13:35:57","slug":"bestsport-protectie-genitala-barbati-wkf","status":"publish","type":"product","link":"https:\/\/opteamshop.ro\/en\/product\/bestsport-protectie-genitala-barbati-wkf\/","title":{"rendered":"BestSport Protectie Genitala B\u0103rba\u021bi WKF"},"content":{"rendered":"<p><span>Croial\u0103 confortabil\u0103 \u0219i bine potrivit\u0103. Inser\u021bia durabil\u0103 \u0219i deta\u0219abil\u0103 faciliteaz\u0103 p\u0103strarea curat\u0103 a protectorului.<\/span><\/p>\n<h3><span>Cum s\u0103 ave\u021bi grij\u0103 de protec\u021bia genital\u0103?<\/span><\/h3>\n<p><span>Pentru ca ap\u0103r\u0103toarea genital\u0103 de karate s\u0103 reziste c\u00e2t mai mult posibil \u0219i s\u0103-\u0219i p\u0103streze propriet\u0103\u021bile protectoare, este important s\u0103 v\u0103 asigura\u021bi c\u0103 este \u00eentre\u021binut\u0103 corespunz\u0103tor. Iat\u0103 c\u00e2teva sfaturi despre cum s\u0103 v\u0103 \u00eengriji\u021bi sternul:<\/span><\/p>\n<p><span>\u2013\u00a0\u00a0<\/span><strong><span>Cur\u0103\u021bare regulat\u0103<\/span><\/strong><span>\u00a0: Dup\u0103 fiecare sesiune de antrenament, este o idee bun\u0103 s\u0103 o cur\u0103\u021ba\u021bi cu o c\u00e2rp\u0103 umed\u0103 pentru a \u00eendep\u0103rta transpira\u021bia \u0219i murd\u0103ria.<\/span><\/p>\n<p><span>\u2013\u00a0\u00a0<\/span><strong><span>Uscarea<\/span><\/strong><span>\u00a0: Evita\u021bi contactul direct cu sursele de c\u0103ldur\u0103. Cel mai bine este s\u0103-l usca\u021bi la temperatura camerei.<\/span><\/p>\n<p><span>\u2013\u00a0\u00a0<\/span><strong><span>Depozitare<\/span><\/strong><span>\u00a0: Protectorul trebuie depozitat \u00eentr-un loc r\u0103coros, uscat, ferit de lumina soarelui.<\/span><\/p>","protected":false},"excerpt":{"rendered":"<p class=\"cvGsUA direction-ltr align-start para-style-body\"><span class=\"OYPEnA font-feature-liga-off font-feature-clig-off font-feature-calt-off text-decoration-none text-strikethrough-none\"><span>Protector genital captusit pentru barbati conceput pentru a proteja zona genital\u0103 si dispune de o banda elastica larga pentru o potrivire mai buna.<\/span><\/span><\/p>\n<p class=\"cvGsUA direction-ltr align-start para-style-body\"><span class=\"OYPEnA font-feature-liga-off font-feature-clig-off font-feature-calt-off text-decoration-none text-strikethrough-none\"><span>Omologat WKF, marimi S, M si L.<\/span><\/span><\/p>\n<table width=\"414\">\n<tbody>\n<tr>\n<td><img loading=\"lazy\" decoding=\"async\" class=\"alignnone wp-image-340\" src=\"https:\/\/opteamshop.ro\/wp-content\/uploads\/2023\/03\/shipping-icon-18.png\" alt=\"\" width=\"38\" height=\"38\" srcset=\"https:\/\/opteamshop.ro\/wp-content\/uploads\/2023\/03\/shipping-icon-18.png 200w, https:\/\/opteamshop.ro\/wp-content\/uploads\/2023\/03\/shipping-icon-18-150x150.png 150w, https:\/\/opteamshop.ro\/wp-content\/uploads\/2023\/03\/shipping-icon-18-12x12.png 12w, https:\/\/opteamshop.ro\/wp-content\/uploads\/2023\/03\/shipping-icon-18-20x20.png 20w\" sizes=\"auto, (max-width: 38px) 100vw, 38px\" \/><\/td>\n<td><strong>Transport\u00a0<\/strong><br \/>\nLivram in Romania prin curier rapid!<\/td>\n<\/tr>\n<tr>\n<td><img loading=\"lazy\" decoding=\"async\" class=\"alignnone wp-image-342\" src=\"https:\/\/opteamshop.ro\/wp-content\/uploads\/2023\/03\/img_281585-300x288.png\" alt=\"\" width=\"33\" height=\"32\" srcset=\"https:\/\/opteamshop.ro\/wp-content\/uploads\/2023\/03\/img_281585-300x288.png 300w, https:\/\/opteamshop.ro\/wp-content\/uploads\/2023\/03\/img_281585-500x480.png 500w, https:\/\/opteamshop.ro\/wp-content\/uploads\/2023\/03\/img_281585-150x150.png 150w, https:\/\/opteamshop.ro\/wp-content\/uploads\/2023\/03\/img_281585-13x12.png 13w, https:\/\/opteamshop.ro\/wp-content\/uploads\/2023\/03\/img_281585-20x20.png 20w, https:\/\/opteamshop.ro\/wp-content\/uploads\/2023\/03\/img_281585-417x400.png 417w, https:\/\/opteamshop.ro\/wp-content\/uploads\/2023\/03\/img_281585.png 980w\" sizes=\"auto, (max-width: 33px) 100vw, 33px\" \/><\/td>\n<td>\u00a0<strong>Cum poti plati?<\/strong><br \/>\npoti selecta metoda ramburs, transfer bancar, plata cu cardul<\/td>\n<\/tr>\n<tr>\n<td><img loading=\"lazy\" decoding=\"async\" class=\"alignnone wp-image-343\" src=\"https:\/\/opteamshop.ro\/wp-content\/uploads\/2023\/03\/male-services-support-icon-300x300.webp\" alt=\"\" width=\"33\" height=\"33\" srcset=\"https:\/\/opteamshop.ro\/wp-content\/uploads\/2023\/03\/male-services-support-icon-300x300.webp 300w, https:\/\/opteamshop.ro\/wp-content\/uploads\/2023\/03\/male-services-support-icon-500x502.webp 500w, https:\/\/opteamshop.ro\/wp-content\/uploads\/2023\/03\/male-services-support-icon-150x150.webp 150w, https:\/\/opteamshop.ro\/wp-content\/uploads\/2023\/03\/male-services-support-icon-12x12.webp 12w, https:\/\/opteamshop.ro\/wp-content\/uploads\/2023\/03\/male-services-support-icon-20x20.webp 20w, https:\/\/opteamshop.ro\/wp-content\/uploads\/2023\/03\/male-services-support-icon.webp 510w\" sizes=\"auto, (max-width: 33px) 100vw, 33px\" \/><\/td>\n<td><strong>Ai intrebari? Orar : 09:00 \u2013 16:00<br \/>\n<\/strong>contacteaza-ne telefonic : +40745 268 090 \/ +40 765 685 315<\/td>\n<\/tr>\n<\/tbody>\n<\/table>\n<p>&nbsp;<\/p>","protected":false},"featured_media":1619,"comment_status":"open","ping_status":"closed","template":"","meta":{"_themeisle_gutenberg_block_has_review":false},"product_brand":[49],"product_cat":[37],"product_tag":[],"class_list":{"0":"post-1615","1":"product","2":"type-product","3":"status-publish","4":"has-post-thumbnail","6":"product_brand-bestsport","7":"product_cat-protectii","9":"first","10":"outofstock","11":"shipping-taxable","12":"purchasable","13":"product-type-variable"},"_links":{"self":[{"href":"https:\/\/opteamshop.ro\/en\/wp-json\/wp\/v2\/product\/1615","targetHints":{"allow":["GET"]}}],"collection":[{"href":"https:\/\/opteamshop.ro\/en\/wp-json\/wp\/v2\/product"}],"about":[{"href":"https:\/\/opteamshop.ro\/en\/wp-json\/wp\/v2\/types\/product"}],"replies":[{"embeddable":true,"href":"https:\/\/opteamshop.ro\/en\/wp-json\/wp\/v2\/comments?post=1615"}],"wp:featuredmedia":[{"embeddable":true,"href":"https:\/\/opteamshop.ro\/en\/wp-json\/wp\/v2\/media\/1619"}],"wp:attachment":[{"href":"https:\/\/opteamshop.ro\/en\/wp-json\/wp\/v2\/media?parent=1615"}],"wp:term":[{"taxonomy":"product_brand","embeddable":true,"href":"https:\/\/opteamshop.ro\/en\/wp-json\/wp\/v2\/product_brand?post=1615"},{"taxonomy":"product_cat","embeddable":true,"href":"https:\/\/opteamshop.ro\/en\/wp-json\/wp\/v2\/product_cat?post=1615"},{"taxonomy":"product_tag","embeddable":true,"href":"https:\/\/opteamshop.ro\/en\/wp-json\/wp\/v2\/product_tag?post=1615"}],"curies":[{"name":"wp","href":"https:\/\/api.w.org\/{rel}","templated":true}]}}