{"id":1622,"date":"2025-03-06T09:06:53","date_gmt":"2025-03-06T06:06:53","guid":{"rendered":"https:\/\/opteamshop.ro\/?post_type=product&#038;p=1622"},"modified":"2026-02-18T16:35:57","modified_gmt":"2026-02-18T13:35:57","slug":"bestsport-centuri-wkf","status":"publish","type":"product","link":"https:\/\/opteamshop.ro\/en\/product\/bestsport-centuri-wkf\/","title":{"rendered":"BestSport Centuri WKF"},"content":{"rendered":"<p><span class=\"AnswerParser_TextContainer__z_Iiv\" data-testid=\"youchat-text\"><span>Preg\u0103te\u0219te-te s\u0103-\u021bi \u00eenfrun\u021bi adversarii cu \u00eencredere \u0219i stil cu centura noastr\u0103\u00a0certificat\u0103 WKF\u00a0<\/span><strong><span>Best Sport Kumite<\/span><\/strong><span>\u00a0! Conceput pentru karateka care caut\u0103 ce este mai bun, aceast\u0103 centur\u0103 este accesoriul perfect pentru competi\u021biile tale de kumite.<\/span><\/span><\/p>\n<ul class=\"AnswerParser_AnswerParserUnorderedList__P_1FW\">\n<li class=\"AnswerParser_ListItem__XqLOV\" translate=\"yes\"><span class=\"AnswerParser_TextContainer__z_Iiv\" data-testid=\"youchat-text\"><strong><span>Certificare WKF<\/span><\/strong><span>\u00a0: Centura noastr\u0103 respect\u0103 toate reglement\u0103rile Federa\u021biei Mondiale de Karate, asigur\u00e2ndu-v\u0103 c\u0103 sunte\u021bi echipat cu un produs recunoscut interna\u021bional pentru competi\u021biile dumneavoastr\u0103.<\/span><\/span><\/li>\n<li class=\"AnswerParser_ListItem__XqLOV\" translate=\"yes\"><span class=\"AnswerParser_TextContainer__z_Iiv\" data-testid=\"youchat-text\"><strong><span>Construc\u021bie rezistent\u0103<\/span><\/strong><span>\u00a0: Fabricat\u0103 din materiale de \u00eenalt\u0103 calitate, aceast\u0103 centur\u0103 este proiectat\u0103 pentru durabilitate maxim\u0103. Construc\u021bia sa atent\u0103 \u00eei asigur\u0103 c\u0103 poate rezista rigorilor celor mai intense competi\u021bii.<\/span><\/span><\/li>\n<li class=\"AnswerParser_ListItem__XqLOV\" translate=\"yes\"><span class=\"AnswerParser_TextContainer__z_Iiv\" data-testid=\"youchat-text\"><strong><span>Confort superior<\/span><\/strong><span>\u00a0: U\u0219or \u0219i flexibil, ofer\u0103 confortul necesar pentru a v\u0103 mi\u0219ca liber \u0219i cu agilitate, permi\u021b\u00e2ndu-v\u0103 s\u0103 v\u0103 concentra\u021bi pe ceea ce conteaz\u0103 cu adev\u0103rat: performan\u021ba dvs.<\/span><\/span><\/li>\n<\/ul>\n<p><span class=\"AnswerParser_TextContainer__z_Iiv\" data-testid=\"youchat-text\"><strong><span>De ce s\u0103 alege\u021bi o centur\u0103 Best Sport Kumite:<\/span><\/strong><\/span><\/p>\n<ul class=\"AnswerParser_AnswerParserUnorderedList__P_1FW\">\n<li class=\"AnswerParser_ListItem__XqLOV\" translate=\"yes\"><span class=\"AnswerParser_TextContainer__z_Iiv\" data-testid=\"youchat-text\"><strong><span>Performan\u021b\u0103 optim\u0103<\/span><\/strong><span>\u00a0: Proiectat\u0103 special pentru kumite, aceast\u0103 centur\u0103 ofer\u0103 o potrivire sigur\u0103 care r\u0103m\u00e2ne pe loc pe toat\u0103 durata competi\u021biei, permi\u021b\u00e2ndu-v\u0103 s\u0103 executa\u021bi fiecare tehnic\u0103 cu precizie.<\/span><\/span><\/li>\n<li class=\"AnswerParser_ListItem__XqLOV\" translate=\"yes\"><span class=\"AnswerParser_TextContainer__z_Iiv\" data-testid=\"youchat-text\"><strong><span>\u00cencredere \u0219i stil<\/span><\/strong><span>\u00a0: nu numai c\u0103 este un simbol al devotamentului t\u0103u fa\u021b\u0103 de karate, dar adaug\u0103 \u0219i o not\u0103 de profesionalism \u0219i stil \u021binutei tale de competi\u021bie.<\/span><\/span><\/li>\n<li class=\"AnswerParser_ListItem__XqLOV\" translate=\"yes\"><span class=\"AnswerParser_TextContainer__z_Iiv\" data-testid=\"youchat-text\"><strong><span>Varietate de dimensiuni<\/span><\/strong><span>\u00a0: Disponibil \u00eentr-o gam\u0103 larg\u0103 de m\u0103rimi pentru a asigura o potrivire perfect\u0103 pentru fiecare concurent, de la \u00eencep\u0103tori la exper\u021bi.<\/span><\/span><\/li>\n<\/ul>\n<p><span class=\"AnswerParser_TextContainer__z_Iiv\" data-testid=\"youchat-text\"><span>Asigura\u021bi-v\u0103 c\u0103 sunte\u021bi echipat cu cele mai bune pentru urm\u0103torul turneu. Alege centura noastr\u0103 Best Sport \u0219i sim\u021bi diferen\u021ba \u00een fiecare lupt\u0103.<\/span><\/span><\/p>","protected":false},"excerpt":{"rendered":"<ul>\n<li class=\"cvGsUA direction-ltr align-start para-style-body\"><span class=\"OYPEnA font-feature-liga-off font-feature-clig-off font-feature-calt-off text-decoration-none text-strikethrough-none\"><span>Centuri de 4 cm pentru Kumite.<\/span><\/span><\/li>\n<li class=\"cvGsUA direction-ltr align-start para-style-body\"><span class=\"OYPEnA font-feature-liga-off font-feature-clig-off font-feature-calt-off text-decoration-none text-strikethrough-none\"><span>Aprobat de WKF<\/span><\/span><\/li>\n<li class=\"cvGsUA direction-ltr align-start para-style-body\"><span class=\"OYPEnA font-feature-liga-off font-feature-clig-off font-feature-calt-off text-decoration-none text-strikethrough-none\"><span>Culoare: rosu\/albastru<\/span><\/span><\/li>\n<li class=\"cvGsUA direction-ltr align-start para-style-body\"><span class=\"OYPEnA font-feature-liga-off font-feature-clig-off font-feature-calt-off text-decoration-none text-strikethrough-none\"><span>Lungime: 240 \/ 260 \/ 280 cm \/ 300 cm<\/span><\/span><\/li>\n<\/ul>\n<table width=\"414\">\n<tbody>\n<tr>\n<td><img loading=\"lazy\" decoding=\"async\" class=\"alignnone wp-image-340\" src=\"https:\/\/opteamshop.ro\/wp-content\/uploads\/2023\/03\/shipping-icon-18.png\" alt=\"\" width=\"38\" height=\"38\" srcset=\"https:\/\/opteamshop.ro\/wp-content\/uploads\/2023\/03\/shipping-icon-18.png 200w, https:\/\/opteamshop.ro\/wp-content\/uploads\/2023\/03\/shipping-icon-18-150x150.png 150w, https:\/\/opteamshop.ro\/wp-content\/uploads\/2023\/03\/shipping-icon-18-12x12.png 12w, https:\/\/opteamshop.ro\/wp-content\/uploads\/2023\/03\/shipping-icon-18-20x20.png 20w\" sizes=\"auto, (max-width: 38px) 100vw, 38px\" \/><\/td>\n<td><strong>Transport\u00a0<\/strong><br \/>\nLivram in Romania prin curier rapid!<\/td>\n<\/tr>\n<tr>\n<td><img loading=\"lazy\" decoding=\"async\" class=\"alignnone wp-image-342\" src=\"https:\/\/opteamshop.ro\/wp-content\/uploads\/2023\/03\/img_281585-300x288.png\" alt=\"\" width=\"33\" height=\"32\" srcset=\"https:\/\/opteamshop.ro\/wp-content\/uploads\/2023\/03\/img_281585-300x288.png 300w, https:\/\/opteamshop.ro\/wp-content\/uploads\/2023\/03\/img_281585-500x480.png 500w, https:\/\/opteamshop.ro\/wp-content\/uploads\/2023\/03\/img_281585-150x150.png 150w, https:\/\/opteamshop.ro\/wp-content\/uploads\/2023\/03\/img_281585-13x12.png 13w, https:\/\/opteamshop.ro\/wp-content\/uploads\/2023\/03\/img_281585-20x20.png 20w, https:\/\/opteamshop.ro\/wp-content\/uploads\/2023\/03\/img_281585-417x400.png 417w, https:\/\/opteamshop.ro\/wp-content\/uploads\/2023\/03\/img_281585.png 980w\" sizes=\"auto, (max-width: 33px) 100vw, 33px\" \/><\/td>\n<td>\u00a0<strong>Cum poti plati?<\/strong><br \/>\npoti selecta metoda ramburs, transfer bancar, plata cu cardul<\/td>\n<\/tr>\n<tr>\n<td><img loading=\"lazy\" decoding=\"async\" class=\"alignnone wp-image-343\" src=\"https:\/\/opteamshop.ro\/wp-content\/uploads\/2023\/03\/male-services-support-icon-300x300.webp\" alt=\"\" width=\"33\" height=\"33\" srcset=\"https:\/\/opteamshop.ro\/wp-content\/uploads\/2023\/03\/male-services-support-icon-300x300.webp 300w, https:\/\/opteamshop.ro\/wp-content\/uploads\/2023\/03\/male-services-support-icon-500x502.webp 500w, https:\/\/opteamshop.ro\/wp-content\/uploads\/2023\/03\/male-services-support-icon-150x150.webp 150w, https:\/\/opteamshop.ro\/wp-content\/uploads\/2023\/03\/male-services-support-icon-12x12.webp 12w, https:\/\/opteamshop.ro\/wp-content\/uploads\/2023\/03\/male-services-support-icon-20x20.webp 20w, https:\/\/opteamshop.ro\/wp-content\/uploads\/2023\/03\/male-services-support-icon.webp 510w\" sizes=\"auto, (max-width: 33px) 100vw, 33px\" \/><\/td>\n<td><strong>Ai intrebari? Orar : 09:00 \u2013 16:00<br \/>\n<\/strong>contacteaza-ne telefonic : +40745 268 090 \/ +40 765 685 315<\/td>\n<\/tr>\n<\/tbody>\n<\/table>\n<p>&nbsp;<\/p>","protected":false},"featured_media":1633,"comment_status":"open","ping_status":"closed","template":"","meta":{"_themeisle_gutenberg_block_has_review":false},"product_brand":[49],"product_cat":[38],"product_tag":[],"class_list":{"0":"post-1622","1":"product","2":"type-product","3":"status-publish","4":"has-post-thumbnail","6":"product_brand-bestsport","7":"product_cat-centuri","9":"first","10":"instock","11":"shipping-taxable","12":"purchasable","13":"product-type-variable"},"_links":{"self":[{"href":"https:\/\/opteamshop.ro\/en\/wp-json\/wp\/v2\/product\/1622","targetHints":{"allow":["GET"]}}],"collection":[{"href":"https:\/\/opteamshop.ro\/en\/wp-json\/wp\/v2\/product"}],"about":[{"href":"https:\/\/opteamshop.ro\/en\/wp-json\/wp\/v2\/types\/product"}],"replies":[{"embeddable":true,"href":"https:\/\/opteamshop.ro\/en\/wp-json\/wp\/v2\/comments?post=1622"}],"wp:featuredmedia":[{"embeddable":true,"href":"https:\/\/opteamshop.ro\/en\/wp-json\/wp\/v2\/media\/1633"}],"wp:attachment":[{"href":"https:\/\/opteamshop.ro\/en\/wp-json\/wp\/v2\/media?parent=1622"}],"wp:term":[{"taxonomy":"product_brand","embeddable":true,"href":"https:\/\/opteamshop.ro\/en\/wp-json\/wp\/v2\/product_brand?post=1622"},{"taxonomy":"product_cat","embeddable":true,"href":"https:\/\/opteamshop.ro\/en\/wp-json\/wp\/v2\/product_cat?post=1622"},{"taxonomy":"product_tag","embeddable":true,"href":"https:\/\/opteamshop.ro\/en\/wp-json\/wp\/v2\/product_tag?post=1622"}],"curies":[{"name":"wp","href":"https:\/\/api.w.org\/{rel}","templated":true}]}}