{"id":396,"date":"2023-03-12T05:45:08","date_gmt":"2023-03-12T05:45:08","guid":{"rendered":"https:\/\/opteamshop.ro\/?post_type=product&#038;p=396"},"modified":"2026-01-10T16:36:08","modified_gmt":"2026-01-10T13:36:08","slug":"tibiere-si-botosei","status":"publish","type":"product","link":"https:\/\/opteamshop.ro\/en\/product\/tibiere-si-botosei\/","title":{"rendered":"Kihon Tibiere \u0219i Boto\u0219ei"},"content":{"rendered":"<p>Sunt produse dintr-un burete special dintr-o singur\u0103 bucat\u0103, cu standarde \u0219i form\u0103 WKF (World Karate Federation), care se pot distinge separat pentru tibia drept \u0219i st\u00e2nga, cu pielea superioar\u0103 \u0219i inferioar\u0103 acoperit\u0103 cu piele artificial\u0103 \u00een acela\u0219i culoare.<br \/>\nCu cauciuc de aceeasi culoare cu pielea si cauciuc de 2,5 cm pe spate se asigura ca se potriveste perfect pe picior.In partea de jos a paratibiei se foloseste velcro pentru a-l conecta la protectia piciorului.<br \/>\nProtec\u021biile pentru picioare sunt fabricate dintr-un burete turnat special dintr-o singur\u0103 bucat\u0103 folosind standardele WKF (World Karate Federation) \u0219i cauciuc velcro de aceea\u0219i culoare ca pielea artificial\u0103, astfel \u00eenc\u00e2t s\u0103 se poat\u0103 distinge forma din dreapta \u0219i din st\u00e2nga.Echipamentul de protec\u021bie sport Kihon are primul \u0219i singurul certificat CE (Standarde europene de calitate) din Turcia.<\/p>\n<ul>\n<li>XS pana la marimea 33-34<\/li>\n<li>S p\u00e2n\u0103 la m\u0103rimea 36-37<\/li>\n<li>M pana la marimea 40-41<\/li>\n<li>L pana la\u00a0marimea\u00a043-44<\/li>\n<\/ul>","protected":false},"excerpt":{"rendered":"<table width=\"414\">\n<tbody>\n<tr>\n<td><img loading=\"lazy\" decoding=\"async\" class=\"alignnone wp-image-340\" src=\"https:\/\/opteamshop.ro\/wp-content\/uploads\/2023\/03\/shipping-icon-18.png\" alt=\"\" width=\"38\" height=\"38\" srcset=\"https:\/\/opteamshop.ro\/wp-content\/uploads\/2023\/03\/shipping-icon-18.png 200w, https:\/\/opteamshop.ro\/wp-content\/uploads\/2023\/03\/shipping-icon-18-150x150.png 150w, https:\/\/opteamshop.ro\/wp-content\/uploads\/2023\/03\/shipping-icon-18-12x12.png 12w, https:\/\/opteamshop.ro\/wp-content\/uploads\/2023\/03\/shipping-icon-18-20x20.png 20w\" sizes=\"auto, (max-width: 38px) 100vw, 38px\" \/><\/td>\n<td><strong>Transport\u00a0<\/strong><br \/>\nLivram in Romania prin curier rapid!<\/td>\n<\/tr>\n<tr>\n<td><img loading=\"lazy\" decoding=\"async\" class=\"alignnone wp-image-342\" src=\"https:\/\/opteamshop.ro\/wp-content\/uploads\/2023\/03\/img_281585-300x288.png\" alt=\"\" width=\"33\" height=\"32\" srcset=\"https:\/\/opteamshop.ro\/wp-content\/uploads\/2023\/03\/img_281585-300x288.png 300w, https:\/\/opteamshop.ro\/wp-content\/uploads\/2023\/03\/img_281585-500x480.png 500w, https:\/\/opteamshop.ro\/wp-content\/uploads\/2023\/03\/img_281585-150x150.png 150w, https:\/\/opteamshop.ro\/wp-content\/uploads\/2023\/03\/img_281585-13x12.png 13w, https:\/\/opteamshop.ro\/wp-content\/uploads\/2023\/03\/img_281585-20x20.png 20w, https:\/\/opteamshop.ro\/wp-content\/uploads\/2023\/03\/img_281585-417x400.png 417w, https:\/\/opteamshop.ro\/wp-content\/uploads\/2023\/03\/img_281585.png 980w\" sizes=\"auto, (max-width: 33px) 100vw, 33px\" \/><\/td>\n<td>\u00a0<strong>Cum poti plati?<\/strong><br \/>\npoti selecta metoda ramburs, transfer bancar, plata cu cardul<\/td>\n<\/tr>\n<tr>\n<td><img loading=\"lazy\" decoding=\"async\" class=\"alignnone wp-image-343\" src=\"https:\/\/opteamshop.ro\/wp-content\/uploads\/2023\/03\/male-services-support-icon-300x300.webp\" alt=\"\" width=\"33\" height=\"33\" srcset=\"https:\/\/opteamshop.ro\/wp-content\/uploads\/2023\/03\/male-services-support-icon-300x300.webp 300w, https:\/\/opteamshop.ro\/wp-content\/uploads\/2023\/03\/male-services-support-icon-500x502.webp 500w, https:\/\/opteamshop.ro\/wp-content\/uploads\/2023\/03\/male-services-support-icon-150x150.webp 150w, https:\/\/opteamshop.ro\/wp-content\/uploads\/2023\/03\/male-services-support-icon-12x12.webp 12w, https:\/\/opteamshop.ro\/wp-content\/uploads\/2023\/03\/male-services-support-icon-20x20.webp 20w, https:\/\/opteamshop.ro\/wp-content\/uploads\/2023\/03\/male-services-support-icon.webp 510w\" sizes=\"auto, (max-width: 33px) 100vw, 33px\" \/><\/td>\n<td><strong>Ai intrebari? Orar : 09:00 \u2013 16:00<br \/>\n<\/strong>contacteaza-ne telefonic : +40745 268 090 \/ +40 765 685 315<\/td>\n<\/tr>\n<\/tbody>\n<\/table>\n<p>&nbsp;<\/p>","protected":false},"featured_media":735,"comment_status":"open","ping_status":"closed","template":"","meta":{"_themeisle_gutenberg_block_has_review":false},"product_brand":[],"product_cat":[37],"product_tag":[],"class_list":{"0":"post-396","1":"product","2":"type-product","3":"status-publish","4":"has-post-thumbnail","6":"product_cat-protectii","8":"first","9":"instock","10":"shipping-taxable","11":"purchasable","12":"product-type-variable"},"_links":{"self":[{"href":"https:\/\/opteamshop.ro\/en\/wp-json\/wp\/v2\/product\/396","targetHints":{"allow":["GET"]}}],"collection":[{"href":"https:\/\/opteamshop.ro\/en\/wp-json\/wp\/v2\/product"}],"about":[{"href":"https:\/\/opteamshop.ro\/en\/wp-json\/wp\/v2\/types\/product"}],"replies":[{"embeddable":true,"href":"https:\/\/opteamshop.ro\/en\/wp-json\/wp\/v2\/comments?post=396"}],"wp:featuredmedia":[{"embeddable":true,"href":"https:\/\/opteamshop.ro\/en\/wp-json\/wp\/v2\/media\/735"}],"wp:attachment":[{"href":"https:\/\/opteamshop.ro\/en\/wp-json\/wp\/v2\/media?parent=396"}],"wp:term":[{"taxonomy":"product_brand","embeddable":true,"href":"https:\/\/opteamshop.ro\/en\/wp-json\/wp\/v2\/product_brand?post=396"},{"taxonomy":"product_cat","embeddable":true,"href":"https:\/\/opteamshop.ro\/en\/wp-json\/wp\/v2\/product_cat?post=396"},{"taxonomy":"product_tag","embeddable":true,"href":"https:\/\/opteamshop.ro\/en\/wp-json\/wp\/v2\/product_tag?post=396"}],"curies":[{"name":"wp","href":"https:\/\/api.w.org\/{rel}","templated":true}]}}