{"id":477,"date":"2023-03-12T06:53:59","date_gmt":"2023-03-12T06:53:59","guid":{"rendered":"https:\/\/opteamshop.ro\/?post_type=product&#038;p=477"},"modified":"2023-07-06T14:45:25","modified_gmt":"2023-07-06T11:45:25","slug":"tatami-hard","status":"publish","type":"product","link":"https:\/\/opteamshop.ro\/en\/product\/tatami-hard\/","title":{"rendered":"Tatami Hard"},"content":{"rendered":"<p>&#8211; Tatami de grosime 2,6 cm.<br \/>\n&#8211; Tatami Hard, de o duritate ridicat\u0103, indicat pentru cluburile care prefer\u0103 o amortizare mai sc\u0103zut\u0103.<\/p>","protected":false},"excerpt":{"rendered":"<table width=\"414\">\n<tbody>\n<tr>\n<td><img loading=\"lazy\" decoding=\"async\" class=\"alignnone wp-image-340\" src=\"https:\/\/opteamshop.ro\/wp-content\/uploads\/2023\/03\/shipping-icon-18.png\" alt=\"\" width=\"38\" height=\"38\" srcset=\"https:\/\/opteamshop.ro\/wp-content\/uploads\/2023\/03\/shipping-icon-18.png 200w, https:\/\/opteamshop.ro\/wp-content\/uploads\/2023\/03\/shipping-icon-18-150x150.png 150w, https:\/\/opteamshop.ro\/wp-content\/uploads\/2023\/03\/shipping-icon-18-12x12.png 12w, https:\/\/opteamshop.ro\/wp-content\/uploads\/2023\/03\/shipping-icon-18-20x20.png 20w\" sizes=\"auto, (max-width: 38px) 100vw, 38px\" \/><\/td>\n<td><strong>Transport\u00a0<\/strong><br \/>\nLivram in Romania prin curier rapid!<\/td>\n<\/tr>\n<tr>\n<td><img loading=\"lazy\" decoding=\"async\" class=\"alignnone wp-image-342\" src=\"https:\/\/opteamshop.ro\/wp-content\/uploads\/2023\/03\/img_281585-300x288.png\" alt=\"\" width=\"33\" height=\"32\" srcset=\"https:\/\/opteamshop.ro\/wp-content\/uploads\/2023\/03\/img_281585-300x288.png 300w, https:\/\/opteamshop.ro\/wp-content\/uploads\/2023\/03\/img_281585-500x480.png 500w, https:\/\/opteamshop.ro\/wp-content\/uploads\/2023\/03\/img_281585-150x150.png 150w, https:\/\/opteamshop.ro\/wp-content\/uploads\/2023\/03\/img_281585-13x12.png 13w, https:\/\/opteamshop.ro\/wp-content\/uploads\/2023\/03\/img_281585-20x20.png 20w, https:\/\/opteamshop.ro\/wp-content\/uploads\/2023\/03\/img_281585-417x400.png 417w, https:\/\/opteamshop.ro\/wp-content\/uploads\/2023\/03\/img_281585.png 980w\" sizes=\"auto, (max-width: 33px) 100vw, 33px\" \/><\/td>\n<td>\u00a0<strong>Cum poti plati?<\/strong><br \/>\npoti selecta metoda ramburs, transfer bancar, plata cu cardul<\/td>\n<\/tr>\n<tr>\n<td><img loading=\"lazy\" decoding=\"async\" class=\"alignnone wp-image-343\" src=\"https:\/\/opteamshop.ro\/wp-content\/uploads\/2023\/03\/male-services-support-icon-300x300.webp\" alt=\"\" width=\"33\" height=\"33\" srcset=\"https:\/\/opteamshop.ro\/wp-content\/uploads\/2023\/03\/male-services-support-icon-300x300.webp 300w, https:\/\/opteamshop.ro\/wp-content\/uploads\/2023\/03\/male-services-support-icon-500x502.webp 500w, https:\/\/opteamshop.ro\/wp-content\/uploads\/2023\/03\/male-services-support-icon-150x150.webp 150w, https:\/\/opteamshop.ro\/wp-content\/uploads\/2023\/03\/male-services-support-icon-12x12.webp 12w, https:\/\/opteamshop.ro\/wp-content\/uploads\/2023\/03\/male-services-support-icon-20x20.webp 20w, https:\/\/opteamshop.ro\/wp-content\/uploads\/2023\/03\/male-services-support-icon.webp 510w\" sizes=\"auto, (max-width: 33px) 100vw, 33px\" \/><\/td>\n<td><strong>Ai intrebari? Orar : 09:00 \u2013 16:00<br \/>\n<\/strong>contacteaza-ne telefonic : +40745 268 090 \/ +40 765 685 315<\/td>\n<\/tr>\n<\/tbody>\n<\/table>\n<p>&nbsp;<\/p>","protected":false},"featured_media":478,"comment_status":"open","ping_status":"closed","template":"","meta":{"_themeisle_gutenberg_block_has_review":false},"product_brand":[],"product_cat":[39],"product_tag":[],"class_list":{"0":"post-477","1":"product","2":"type-product","3":"status-publish","4":"has-post-thumbnail","6":"product_cat-accesorii-echipament","8":"first","9":"onbackorder","10":"shipping-taxable","11":"purchasable","12":"product-type-simple"},"_links":{"self":[{"href":"https:\/\/opteamshop.ro\/en\/wp-json\/wp\/v2\/product\/477","targetHints":{"allow":["GET"]}}],"collection":[{"href":"https:\/\/opteamshop.ro\/en\/wp-json\/wp\/v2\/product"}],"about":[{"href":"https:\/\/opteamshop.ro\/en\/wp-json\/wp\/v2\/types\/product"}],"replies":[{"embeddable":true,"href":"https:\/\/opteamshop.ro\/en\/wp-json\/wp\/v2\/comments?post=477"}],"wp:featuredmedia":[{"embeddable":true,"href":"https:\/\/opteamshop.ro\/en\/wp-json\/wp\/v2\/media\/478"}],"wp:attachment":[{"href":"https:\/\/opteamshop.ro\/en\/wp-json\/wp\/v2\/media?parent=477"}],"wp:term":[{"taxonomy":"product_brand","embeddable":true,"href":"https:\/\/opteamshop.ro\/en\/wp-json\/wp\/v2\/product_brand?post=477"},{"taxonomy":"product_cat","embeddable":true,"href":"https:\/\/opteamshop.ro\/en\/wp-json\/wp\/v2\/product_cat?post=477"},{"taxonomy":"product_tag","embeddable":true,"href":"https:\/\/opteamshop.ro\/en\/wp-json\/wp\/v2\/product_tag?post=477"}],"curies":[{"name":"wp","href":"https:\/\/api.w.org\/{rel}","templated":true}]}}